{"id":1093,"date":"2015-07-06T10:16:30","date_gmt":"2015-07-06T13:16:30","guid":{"rendered":"http:\/\/www.casadecuraris.com.br\/?page_id=1093"},"modified":"2025-02-22T14:18:09","modified_gmt":"2025-02-22T17:18:09","slug":"livrinho-verde","status":"publish","type":"page","link":"https:\/\/www.casadecuraris.com.br\/novo\/ritual\/livrinho-verde\/","title":{"rendered":"Normas do Ritual"},"content":{"rendered":"<p style=\"text-align: justify;\">O &#8220;livrinho verde&#8221; das Normas de Ritual foi publicado em 1998 e sempre foi um material importante de apoio para nossas Igrejas. No entanto, desde aquela \u00e9poca, ele apresentava algumas lacunas e incorre\u00e7\u00f5es. No curso destes anos que nos separa de sua primeira e \u00fanica edi\u00e7\u00e3o, algumas trabalhos tamb\u00e9m evolu\u00edram, principalmente na incorpora\u00e7\u00e3o de novos hinos, etc.<\/p>\n<p style=\"text-align: justify;\">Estamos fazendo um trabalho de revis\u00e3o, consultando nossas fontes (padrinhos, madrinhas, anci\u00f5es da Doutrina, dirigentes, etc) para sanar estas imprecis\u00f5es.<\/p>\n<p style=\"text-align: justify;\">Esta vers\u00e3o que estamos disponibilizando j\u00e1 cont\u00e9m muitas mudan\u00e7as de texto que ajudam a clarear algumas passagens antes controversas.Mas ainda n\u00e3o \u00e9 a vers\u00e3o definitiva, pois passar\u00e1 pelo visto do padrinho Alfredo antes de ser aprovada pelo Conselho Superior Doutrin\u00e1rio da ICEFLU.<\/p>\n<p style=\"text-align: justify;\">Optamos, para n\u00e3o prolongar mais este update, expondo de uma forma mais gen\u00e9rica a din\u00e2mica dos rituais, reservando os detalhes de uma discri\u00e7\u00e3o mais minuciosa, incluindo os hinos para os cadernos que ser\u00e3o disponibilizados para cada tipo de ritual ou Hin\u00e1rio<\/p>\n<p style=\"text-align: justify;\">Baixe&nbsp;<a href=\"https:\/\/www.casadecuraris.com.br\/novo\/wp-content\/uploads\/normas_de_rituais_cefluris.pdf\" target=\"_blank\" rel=\"noopener\">aqui<\/a>&nbsp;o &#8220;pdf&#8221;&nbsp;do livro Normas de Ritual (Livrinho Verde).<\/p>\n<p style=\"text-align: justify;\">fonte: <a href=\"http:\/\/www.santodaime.org\" target=\"_blank\" rel=\"noopener\">www.santodaime.org<\/a>&nbsp;(C\u00e9u do Mapi\u00e1 &#8211; AM)<\/p>\n<!-- AddThis Advanced Settings generic via filter on the_content --><!-- AddThis Share Buttons generic via filter on the_content -->","protected":false},"excerpt":{"rendered":"<p>O &#8220;livrinho verde&#8221; das Normas de Ritual foi publicado em 1998 e sempre foi um material importante de apoio para nossas Igrejas. No entanto, desde aquela \u00e9poca, ele apresentava algumas [&hellip;]<!-- AddThis Advanced Settings generic via filter on wp_trim_excerpt --><!-- AddThis Share Buttons generic via filter on wp_trim_excerpt --><\/p>\n","protected":false},"author":1,"featured_media":0,"parent":1073,"menu_order":10,"comment_status":"open","ping_status":"open","template":"","meta":{"_monsterinsights_skip_tracking":false,"_monsterinsights_sitenote_active":false,"_monsterinsights_sitenote_note":"","_monsterinsights_sitenote_category":0,"ngg_post_thumbnail":0,"footnotes":""},"class_list":["post-1093","page","type-page","status-publish","hentry"],"aioseo_notices":[],"_links":{"self":[{"href":"https:\/\/www.casadecuraris.com.br\/novo\/wp-json\/wp\/v2\/pages\/1093","targetHints":{"allow":["GET"]}}],"collection":[{"href":"https:\/\/www.casadecuraris.com.br\/novo\/wp-json\/wp\/v2\/pages"}],"about":[{"href":"https:\/\/www.casadecuraris.com.br\/novo\/wp-json\/wp\/v2\/types\/page"}],"author":[{"embeddable":true,"href":"https:\/\/www.casadecuraris.com.br\/novo\/wp-json\/wp\/v2\/users\/1"}],"replies":[{"embeddable":true,"href":"https:\/\/www.casadecuraris.com.br\/novo\/wp-json\/wp\/v2\/comments?post=1093"}],"version-history":[{"count":1,"href":"https:\/\/www.casadecuraris.com.br\/novo\/wp-json\/wp\/v2\/pages\/1093\/revisions"}],"predecessor-version":[{"id":6883,"href":"https:\/\/www.casadecuraris.com.br\/novo\/wp-json\/wp\/v2\/pages\/1093\/revisions\/6883"}],"up":[{"embeddable":true,"href":"https:\/\/www.casadecuraris.com.br\/novo\/wp-json\/wp\/v2\/pages\/1073"}],"wp:attachment":[{"href":"https:\/\/www.casadecuraris.com.br\/novo\/wp-json\/wp\/v2\/media?parent=1093"}],"curies":[{"name":"wp","href":"https:\/\/api.w.org\/{rel}","templated":true}]}}