{"id":1064,"date":"2015-07-06T09:10:04","date_gmt":"2015-07-06T12:10:04","guid":{"rendered":"http:\/\/www.casadecuraris.com.br\/?page_id=1064"},"modified":"2015-07-15T12:45:01","modified_gmt":"2015-07-15T15:45:01","slug":"analise-fito-quimica","status":"publish","type":"page","link":"https:\/\/www.casadecuraris.com.br\/novo\/osantodaime\/analise-fito-quimica\/","title":{"rendered":"An\u00e1lise fito qu\u00edmica"},"content":{"rendered":"<p style=\"text-align: justify;\">A hist\u00f3ria moderna da Ayahuasca come\u00e7a em 1851 quando\u00a0 o bot\u00e2nico ingl\u00eas R.Spruce pesquisou os \u00edndios Tukanos, no Brasil. Estes convidaram-no a participar de uma cerim\u00f4nia que inclu\u00eda a infus\u00e3o que eles chamavam \u201ccaapi\u201d.\u00a0 Spruce apenas tomou uma pequena quantidade daquela &#8220;beberagem nauseante&#8221;,\u00a0 mas n\u00e3o se deu conta dos profundos efeitos que ela teve sobre seus amigos. Os\u00a0 Tukanos mostraram a Spruce a planta da qual caapi derivava, e ele coletou esp\u00e9cies da planta e das flores. Spruce chamou-a de Banisteria caapi, e estudo posteriores levaram-no a concluir que caapi, yage e ayahuasca eram nomes ind\u00edgenas para a mesma po\u00e7\u00e3o feita daquela videira. A Banisteria caapi de Spruce foi reclassificada como Banisteriopsis caapi pelo taxonomista Morton em 1931.<\/p>\n<p style=\"text-align: justify;\">Em 1858, Spruce encontrou a mesma planta sendo usada na tribo Guahibo, na margem superior do rio Orinoco, na Col\u00f4mbia e Venezuela, e,\u00a0 no mesmo ano, entre os Z\u00e1paros dos Andes Peruanos, que denominavam-na Ayahuasca. Simson\u2019s, em 1886 foi quem primeiro observou a mistura das plantas na confec\u00e7\u00e3o da Ayahuasca.<\/p>\n<p style=\"text-align: justify;\">Apesar da coleta e identifica\u00e7\u00e3o da Ayahuasca datar de 1851, os alcal\u00f3ides j\u00e1 eram conhecidos desde a primeira metade do s\u00e9culo XIX, o que se deve \u00e0 facilidade de extra\u00e7\u00e3o dos mesmos, bem como aos poss\u00edveis usos cl\u00ednicos: logo, a Harmalina foi isolada da Peganum harmala em 1840. Sete anos depois, a Harmina foi identificada. A \u201ctelepatina\u201d \u2013 harmina- foi identificada na \u201cyaj\u00e9\u201d em 1905 (Zerda e Bayon).<\/p>\n<p style=\"text-align: justify;\">O come\u00e7o do s\u00e9culo vinte foi marcado por mais confus\u00e3o do que esclarecimentos acerca da Ayahuasca, muitos identificaram-na, equivocadamente, do ponto de vista da bot\u00e2nica. At\u00e9 que, em 1939, Chen &amp; Chen\u00a0 descobriu que tanto a caapi, yag\u00e9 e ayahuasca eram a mesma bebida.\u00a0 Foram estes mesmos pesquisadores que confirmaram que a harmina, telepatina e banisterina eram a mesma subst\u00e2ncia.<\/p>\n<p style=\"text-align: justify;\">Em 1957, Hochstein and Paradies encontraram, al\u00e9m de Harmina, tamb\u00e9m Harmalina e Tetrahidroharmina.<\/p>\n<p style=\"text-align: justify;\">Em 68, identificou-se a N,N dimetiltriptamina (DMT) como outro alcal\u00f3ide deste ch\u00e1.\u00a0 Este j\u00e1 havia sido sintetizado em 1931 por\u00e9m\u00a0 s\u00f3 foi identificado como subst\u00e2ncia natural em 1955, na planta Piptadenia peregrina (Anadenanthera peregrina).<\/p>\n<p style=\"text-align: justify;\">Os princ\u00edpios da a\u00e7\u00e3o farmacol\u00f3gica da Ayahuasca foram tra\u00e7ados na d\u00e9cada de 60 e sugeriam a intera\u00e7\u00e3o das beta-carbolinas presentes na Banisteriopsis e do DMT proveniente da\u00a0 P. viridis.<\/p>\n<p style=\"text-align: justify;\">Finalmente Rivier &amp; Lindgren em 1972 identificaram os alcaloides principais presentes na decoc\u00e7\u00e3o como sendo: Harmina, Harmalina, Tetrahidroharmina e Dimetiltriptamina.<\/p>\n<p style=\"text-align: justify;\">fonte: <a href=\"http:\/\/www.santodaime.org\" target=\"_blank\">www.santodaime.org<\/a>\u00a0(C\u00e9u do Mapi\u00e1 &#8211; AM)<\/p>\n<!-- AddThis Advanced Settings generic via filter on the_content --><!-- AddThis Share Buttons generic via filter on the_content -->","protected":false},"excerpt":{"rendered":"<p>A hist\u00f3ria moderna da Ayahuasca come\u00e7a em 1851 quando\u00a0 o bot\u00e2nico ingl\u00eas R.Spruce pesquisou os \u00edndios Tukanos, no Brasil. Estes convidaram-no a participar de uma cerim\u00f4nia que inclu\u00eda a infus\u00e3o [&hellip;]<!-- AddThis Advanced Settings generic via filter on wp_trim_excerpt --><!-- AddThis Share Buttons generic via filter on wp_trim_excerpt --><\/p>\n","protected":false},"author":1,"featured_media":0,"parent":320,"menu_order":0,"comment_status":"open","ping_status":"open","template":"","meta":{"_monsterinsights_skip_tracking":false,"_monsterinsights_sitenote_active":false,"_monsterinsights_sitenote_note":"","_monsterinsights_sitenote_category":0,"ngg_post_thumbnail":0,"footnotes":""},"class_list":["post-1064","page","type-page","status-publish","hentry"],"aioseo_notices":[],"_links":{"self":[{"href":"https:\/\/www.casadecuraris.com.br\/novo\/wp-json\/wp\/v2\/pages\/1064","targetHints":{"allow":["GET"]}}],"collection":[{"href":"https:\/\/www.casadecuraris.com.br\/novo\/wp-json\/wp\/v2\/pages"}],"about":[{"href":"https:\/\/www.casadecuraris.com.br\/novo\/wp-json\/wp\/v2\/types\/page"}],"author":[{"embeddable":true,"href":"https:\/\/www.casadecuraris.com.br\/novo\/wp-json\/wp\/v2\/users\/1"}],"replies":[{"embeddable":true,"href":"https:\/\/www.casadecuraris.com.br\/novo\/wp-json\/wp\/v2\/comments?post=1064"}],"version-history":[{"count":0,"href":"https:\/\/www.casadecuraris.com.br\/novo\/wp-json\/wp\/v2\/pages\/1064\/revisions"}],"up":[{"embeddable":true,"href":"https:\/\/www.casadecuraris.com.br\/novo\/wp-json\/wp\/v2\/pages\/320"}],"wp:attachment":[{"href":"https:\/\/www.casadecuraris.com.br\/novo\/wp-json\/wp\/v2\/media?parent=1064"}],"curies":[{"name":"wp","href":"https:\/\/api.w.org\/{rel}","templated":true}]}}